{"id":301,"date":"2024-08-02T19:57:52","date_gmt":"2024-08-02T19:57:52","guid":{"rendered":"https:\/\/ityou.com.br\/site\/?page_id=301"},"modified":"2024-10-22T04:57:11","modified_gmt":"2024-10-22T04:57:11","slug":"ityou-marketing","status":"publish","type":"page","link":"https:\/\/ityou.com.br\/site\/ityou-marketing\/","title":{"rendered":"Ityou Marketing"},"content":{"rendered":"\t\t<div data-elementor-type=\"wp-page\" data-elementor-id=\"301\" class=\"elementor elementor-301\" data-elementor-post-type=\"page\">\n\t\t\t\t<div class=\"elementor-element elementor-element-6b63336 e-flex e-con-boxed wpr-particle-no wpr-jarallax-no wpr-parallax-no wpr-sticky-section-no wpr-equal-height-no e-con e-parent\" data-id=\"6b63336\" data-element_type=\"container\" data-e-type=\"container\" data-settings=\"{&quot;background_background&quot;:&quot;classic&quot;}\">\n\t\t\t\t\t<div class=\"e-con-inner\">\n\t\t\t\t<div class=\"elementor-element elementor-element-a4614ce elementor-widget elementor-widget-image\" data-id=\"a4614ce\" data-element_type=\"widget\" data-e-type=\"widget\" data-widget_type=\"image.default\">\n\t\t\t\t<div class=\"elementor-widget-container\">\n\t\t\t\t\t\t\t\t\t\t\t\t\t\t\t<img decoding=\"async\" src=\"https:\/\/ityou.com.br\/site\/wp-content\/uploads\/2024\/08\/NOVA-LOGO-ITYOU-MARKETING-Variacoes.png\" title=\"\" alt=\"\" loading=\"lazy\" \/>\t\t\t\t\t\t\t\t\t\t\t\t\t\t\t<\/div>\n\t\t\t\t<\/div>\n\t\t\t\t<div class=\"elementor-element elementor-element-cdbbe09 elementor-widget elementor-widget-image\" data-id=\"cdbbe09\" data-element_type=\"widget\" data-e-type=\"widget\" data-widget_type=\"image.default\">\n\t\t\t\t<div class=\"elementor-widget-container\">\n\t\t\t\t\t\t\t\t\t\t\t\t\t\t\t<img fetchpriority=\"high\" decoding=\"async\" width=\"800\" height=\"534\" src=\"https:\/\/ityou.com.br\/site\/wp-content\/uploads\/2024\/10\/Design-sem-nome-36-1024x683.png\" class=\"attachment-large size-large wp-image-4719\" alt=\"\" srcset=\"https:\/\/ityou.com.br\/site\/wp-content\/uploads\/2024\/10\/Design-sem-nome-36-1024x683.png 1024w, https:\/\/ityou.com.br\/site\/wp-content\/uploads\/2024\/10\/Design-sem-nome-36-300x200.png 300w, https:\/\/ityou.com.br\/site\/wp-content\/uploads\/2024\/10\/Design-sem-nome-36-768x512.png 768w, https:\/\/ityou.com.br\/site\/wp-content\/uploads\/2024\/10\/Design-sem-nome-36-1536x1024.png 1536w, https:\/\/ityou.com.br\/site\/wp-content\/uploads\/2024\/10\/Design-sem-nome-36-2048x1365.png 2048w\" sizes=\"(max-width: 800px) 100vw, 800px\" \/>\t\t\t\t\t\t\t\t\t\t\t\t\t\t\t<\/div>\n\t\t\t\t<\/div>\n\t\t\t\t<div class=\"elementor-element elementor-element-08cabb4 elementor-widget elementor-widget-text-editor\" data-id=\"08cabb4\" data-element_type=\"widget\" data-e-type=\"widget\" data-widget_type=\"text-editor.default\">\n\t\t\t\t<div class=\"elementor-widget-container\">\n\t\t\t\t\t\t\t\t\t<p>Solu\u00e7\u00e3o em constru\u00e7\u00e3o!<\/p>\t\t\t\t\t\t\t\t<\/div>\n\t\t\t\t<\/div>\n\t\t\t\t\t<\/div>\n\t\t\t\t<\/div>\n\t\t\t\t<\/div>\n\t\t","protected":false},"excerpt":{"rendered":"<p>Solu\u00e7\u00e3o em constru\u00e7\u00e3o!<\/p>\n","protected":false},"author":1,"featured_media":0,"parent":0,"menu_order":0,"comment_status":"closed","ping_status":"closed","template":"elementor_header_footer","meta":{"footnotes":""},"class_list":["post-301","page","type-page","status-publish","hentry"],"jetpack_sharing_enabled":true,"_links":{"self":[{"href":"https:\/\/ityou.com.br\/site\/wp-json\/wp\/v2\/pages\/301","targetHints":{"allow":["GET"]}}],"collection":[{"href":"https:\/\/ityou.com.br\/site\/wp-json\/wp\/v2\/pages"}],"about":[{"href":"https:\/\/ityou.com.br\/site\/wp-json\/wp\/v2\/types\/page"}],"author":[{"embeddable":true,"href":"https:\/\/ityou.com.br\/site\/wp-json\/wp\/v2\/users\/1"}],"replies":[{"embeddable":true,"href":"https:\/\/ityou.com.br\/site\/wp-json\/wp\/v2\/comments?post=301"}],"version-history":[{"count":10,"href":"https:\/\/ityou.com.br\/site\/wp-json\/wp\/v2\/pages\/301\/revisions"}],"predecessor-version":[{"id":4722,"href":"https:\/\/ityou.com.br\/site\/wp-json\/wp\/v2\/pages\/301\/revisions\/4722"}],"wp:attachment":[{"href":"https:\/\/ityou.com.br\/site\/wp-json\/wp\/v2\/media?parent=301"}],"curies":[{"name":"wp","href":"https:\/\/api.w.org\/{rel}","templated":true}]}}