{"id":299,"date":"2024-08-02T19:57:31","date_gmt":"2024-08-02T19:57:31","guid":{"rendered":"https:\/\/ityou.com.br\/site\/?page_id=299"},"modified":"2024-10-22T04:45:48","modified_gmt":"2024-10-22T04:45:48","slug":"ityou-finance","status":"publish","type":"page","link":"https:\/\/ityou.com.br\/site\/ityou-finance\/","title":{"rendered":"Ityou Finance"},"content":{"rendered":"\t\t<div data-elementor-type=\"wp-page\" data-elementor-id=\"299\" class=\"elementor elementor-299\" data-elementor-post-type=\"page\">\n\t\t\t\t<div class=\"elementor-element elementor-element-62e0b18 e-flex e-con-boxed wpr-particle-no wpr-jarallax-no wpr-parallax-no wpr-sticky-section-no wpr-equal-height-no e-con e-parent\" data-id=\"62e0b18\" data-element_type=\"container\" data-e-type=\"container\" data-settings=\"{&quot;background_background&quot;:&quot;classic&quot;}\">\n\t\t\t\t\t<div class=\"e-con-inner\">\n\t\t\t\t<div class=\"elementor-element elementor-element-eca7e46 elementor-widget elementor-widget-image\" data-id=\"eca7e46\" data-element_type=\"widget\" data-e-type=\"widget\" data-widget_type=\"image.default\">\n\t\t\t\t<div class=\"elementor-widget-container\">\n\t\t\t\t\t\t\t\t\t\t\t\t\t\t\t<img fetchpriority=\"high\" decoding=\"async\" width=\"800\" height=\"534\" src=\"https:\/\/ityou.com.br\/site\/wp-content\/uploads\/2024\/10\/Design-sem-nome-34-1024x683.png\" class=\"attachment-large size-large wp-image-4551\" alt=\"\" srcset=\"https:\/\/ityou.com.br\/site\/wp-content\/uploads\/2024\/10\/Design-sem-nome-34-1024x683.png 1024w, https:\/\/ityou.com.br\/site\/wp-content\/uploads\/2024\/10\/Design-sem-nome-34-300x200.png 300w, https:\/\/ityou.com.br\/site\/wp-content\/uploads\/2024\/10\/Design-sem-nome-34-768x512.png 768w, https:\/\/ityou.com.br\/site\/wp-content\/uploads\/2024\/10\/Design-sem-nome-34-1536x1024.png 1536w, https:\/\/ityou.com.br\/site\/wp-content\/uploads\/2024\/10\/Design-sem-nome-34-2048x1365.png 2048w\" sizes=\"(max-width: 800px) 100vw, 800px\" \/>\t\t\t\t\t\t\t\t\t\t\t\t\t\t\t<\/div>\n\t\t\t\t<\/div>\n\t\t\t\t<div class=\"elementor-element elementor-element-b2fa047 elementor-widget elementor-widget-text-editor\" data-id=\"b2fa047\" data-element_type=\"widget\" data-e-type=\"widget\" data-widget_type=\"text-editor.default\">\n\t\t\t\t<div class=\"elementor-widget-container\">\n\t\t\t\t\t\t\t\t\t<p>Solu\u00e7\u00e3o em constru\u00e7\u00e3o!<\/p>\t\t\t\t\t\t\t\t<\/div>\n\t\t\t\t<\/div>\n\t\t\t\t\t<\/div>\n\t\t\t\t<\/div>\n\t\t\t\t<\/div>\n\t\t","protected":false},"excerpt":{"rendered":"<p>Solu\u00e7\u00e3o em constru\u00e7\u00e3o!<\/p>\n","protected":false},"author":1,"featured_media":0,"parent":0,"menu_order":0,"comment_status":"closed","ping_status":"closed","template":"elementor_header_footer","meta":{"footnotes":""},"class_list":["post-299","page","type-page","status-publish","hentry"],"jetpack_sharing_enabled":true,"_links":{"self":[{"href":"https:\/\/ityou.com.br\/site\/wp-json\/wp\/v2\/pages\/299","targetHints":{"allow":["GET"]}}],"collection":[{"href":"https:\/\/ityou.com.br\/site\/wp-json\/wp\/v2\/pages"}],"about":[{"href":"https:\/\/ityou.com.br\/site\/wp-json\/wp\/v2\/types\/page"}],"author":[{"embeddable":true,"href":"https:\/\/ityou.com.br\/site\/wp-json\/wp\/v2\/users\/1"}],"replies":[{"embeddable":true,"href":"https:\/\/ityou.com.br\/site\/wp-json\/wp\/v2\/comments?post=299"}],"version-history":[{"count":17,"href":"https:\/\/ityou.com.br\/site\/wp-json\/wp\/v2\/pages\/299\/revisions"}],"predecessor-version":[{"id":4718,"href":"https:\/\/ityou.com.br\/site\/wp-json\/wp\/v2\/pages\/299\/revisions\/4718"}],"wp:attachment":[{"href":"https:\/\/ityou.com.br\/site\/wp-json\/wp\/v2\/media?parent=299"}],"curies":[{"name":"wp","href":"https:\/\/api.w.org\/{rel}","templated":true}]}}