{"id":297,"date":"2024-08-02T19:57:09","date_gmt":"2024-08-02T19:57:09","guid":{"rendered":"https:\/\/ityou.com.br\/site\/?page_id=297"},"modified":"2024-10-22T04:44:54","modified_gmt":"2024-10-22T04:44:54","slug":"ityou-shop-2","status":"publish","type":"page","link":"https:\/\/ityou.com.br\/site\/ityou-shop-2\/","title":{"rendered":"Ityou Shop"},"content":{"rendered":"\t\t<div data-elementor-type=\"wp-page\" data-elementor-id=\"297\" class=\"elementor elementor-297\" data-elementor-post-type=\"page\">\n\t\t\t\t<div class=\"elementor-element elementor-element-be1fc1f e-flex e-con-boxed wpr-particle-no wpr-jarallax-no wpr-parallax-no wpr-sticky-section-no wpr-equal-height-no e-con e-parent\" data-id=\"be1fc1f\" data-element_type=\"container\" data-e-type=\"container\" data-settings=\"{&quot;background_background&quot;:&quot;classic&quot;}\">\n\t\t\t\t\t<div class=\"e-con-inner\">\n\t\t\t\t<div class=\"elementor-element elementor-element-db82eb1 elementor-widget elementor-widget-image\" data-id=\"db82eb1\" data-element_type=\"widget\" data-e-type=\"widget\" data-widget_type=\"image.default\">\n\t\t\t\t<div class=\"elementor-widget-container\">\n\t\t\t\t\t\t\t\t\t\t\t\t\t\t\t<img decoding=\"async\" src=\"https:\/\/ityou.com.br\/site\/wp-content\/uploads\/2024\/08\/NOVA-LOGO-ITYOU-FINANCE-Variacoes.png\" title=\"\" alt=\"\" loading=\"lazy\" \/>\t\t\t\t\t\t\t\t\t\t\t\t\t\t\t<\/div>\n\t\t\t\t<\/div>\n\t\t\t\t<div class=\"elementor-element elementor-element-01c1806 elementor-widget elementor-widget-image\" data-id=\"01c1806\" data-element_type=\"widget\" data-e-type=\"widget\" data-widget_type=\"image.default\">\n\t\t\t\t<div class=\"elementor-widget-container\">\n\t\t\t\t\t\t\t\t\t\t\t\t\t\t\t<img fetchpriority=\"high\" decoding=\"async\" width=\"800\" height=\"534\" src=\"https:\/\/ityou.com.br\/site\/wp-content\/uploads\/2024\/10\/Design-sem-nome-35-1024x683.png\" class=\"attachment-large size-large wp-image-4706\" alt=\"\" srcset=\"https:\/\/ityou.com.br\/site\/wp-content\/uploads\/2024\/10\/Design-sem-nome-35-1024x683.png 1024w, https:\/\/ityou.com.br\/site\/wp-content\/uploads\/2024\/10\/Design-sem-nome-35-300x200.png 300w, https:\/\/ityou.com.br\/site\/wp-content\/uploads\/2024\/10\/Design-sem-nome-35-768x512.png 768w, https:\/\/ityou.com.br\/site\/wp-content\/uploads\/2024\/10\/Design-sem-nome-35-1536x1024.png 1536w, https:\/\/ityou.com.br\/site\/wp-content\/uploads\/2024\/10\/Design-sem-nome-35-2048x1365.png 2048w\" sizes=\"(max-width: 800px) 100vw, 800px\" \/>\t\t\t\t\t\t\t\t\t\t\t\t\t\t\t<\/div>\n\t\t\t\t<\/div>\n\t\t\t\t<div class=\"elementor-element elementor-element-5cdaf1f elementor-widget elementor-widget-text-editor\" data-id=\"5cdaf1f\" data-element_type=\"widget\" data-e-type=\"widget\" data-widget_type=\"text-editor.default\">\n\t\t\t\t<div class=\"elementor-widget-container\">\n\t\t\t\t\t\t\t\t\t<p>Solu\u00e7\u00e3o em constru\u00e7\u00e3o!<\/p>\t\t\t\t\t\t\t\t<\/div>\n\t\t\t\t<\/div>\n\t\t\t\t\t<\/div>\n\t\t\t\t<\/div>\n\t\t\t\t<\/div>\n\t\t","protected":false},"excerpt":{"rendered":"<p>Solu\u00e7\u00e3o em constru\u00e7\u00e3o!<\/p>\n","protected":false},"author":1,"featured_media":0,"parent":0,"menu_order":0,"comment_status":"closed","ping_status":"closed","template":"elementor_header_footer","meta":{"footnotes":""},"class_list":["post-297","page","type-page","status-publish","hentry"],"jetpack_sharing_enabled":true,"_links":{"self":[{"href":"https:\/\/ityou.com.br\/site\/wp-json\/wp\/v2\/pages\/297","targetHints":{"allow":["GET"]}}],"collection":[{"href":"https:\/\/ityou.com.br\/site\/wp-json\/wp\/v2\/pages"}],"about":[{"href":"https:\/\/ityou.com.br\/site\/wp-json\/wp\/v2\/types\/page"}],"author":[{"embeddable":true,"href":"https:\/\/ityou.com.br\/site\/wp-json\/wp\/v2\/users\/1"}],"replies":[{"embeddable":true,"href":"https:\/\/ityou.com.br\/site\/wp-json\/wp\/v2\/comments?post=297"}],"version-history":[{"count":11,"href":"https:\/\/ityou.com.br\/site\/wp-json\/wp\/v2\/pages\/297\/revisions"}],"predecessor-version":[{"id":4715,"href":"https:\/\/ityou.com.br\/site\/wp-json\/wp\/v2\/pages\/297\/revisions\/4715"}],"wp:attachment":[{"href":"https:\/\/ityou.com.br\/site\/wp-json\/wp\/v2\/media?parent=297"}],"curies":[{"name":"wp","href":"https:\/\/api.w.org\/{rel}","templated":true}]}}